{"id":423,"date":"2020-09-24T15:52:00","date_gmt":"2020-09-24T20:52:00","guid":{"rendered":"https:\/\/poderosamente.com\/gl\/?page_id=423"},"modified":"2020-10-16T08:30:27","modified_gmt":"2020-10-16T13:30:27","slug":"producto","status":"publish","type":"page","link":"https:\/\/www.glingenieros.com.co\/en\/producto\/","title":{"rendered":"Products"},"content":{"rendered":"<div data-elementor-type=\"wp-page\" data-elementor-id=\"423\" class=\"elementor elementor-423\">\n\t\t\t\t\t\t<div class=\"elementor-inner\">\n\t\t\t\t<div class=\"elementor-section-wrap\">\n\t\t\t\t\t\t\t\t\t<section class=\"elementor-section elementor-top-section elementor-element elementor-element-3cdff5f0 elementor-section-stretched elementor-section-boxed elementor-section-height-default elementor-section-height-default\" data-id=\"3cdff5f0\" data-element_type=\"section\" data-settings=\"{&quot;stretch_section&quot;:&quot;section-stretched&quot;,&quot;background_background&quot;:&quot;classic&quot;}\">\n\t\t\t\t\t\t<div class=\"elementor-container elementor-column-gap-default\">\n\t\t\t\t\t\t\t<div class=\"elementor-row\">\n\t\t\t\t\t<div class=\"elementor-column elementor-col-100 elementor-top-column elementor-element elementor-element-73c9c918\" data-id=\"73c9c918\" data-element_type=\"column\">\n\t\t\t<div class=\"elementor-column-wrap elementor-element-populated\">\n\t\t\t\t\t\t\t<div class=\"elementor-widget-wrap\">\n\t\t\t\t\t\t<div class=\"elementor-element elementor-element-cac9302 elementor-widget elementor-widget-heading\" data-id=\"cac9302\" data-element_type=\"widget\" data-widget_type=\"heading.default\">\n\t\t\t\t<div class=\"elementor-widget-container\">\n\t\t\t<h1 class=\"elementor-heading-title elementor-size-default\">Products<\/h1>\t\t<\/div>\n\t\t\t\t<\/div>\n\t\t\t\t\t\t<\/div>\n\t\t\t\t\t<\/div>\n\t\t<\/div>\n\t\t\t\t\t\t\t\t<\/div>\n\t\t\t\t\t<\/div>\n\t\t<\/section>\n\t\t\t\t<section class=\"elementor-section elementor-top-section elementor-element elementor-element-cca77ad elementor-section-stretched elementor-section-boxed elementor-section-height-default elementor-section-height-default\" data-id=\"cca77ad\" data-element_type=\"section\" data-settings=\"{&quot;stretch_section&quot;:&quot;section-stretched&quot;,&quot;background_background&quot;:&quot;classic&quot;}\">\n\t\t\t\t\t\t<div class=\"elementor-container elementor-column-gap-default\">\n\t\t\t\t\t\t\t<div class=\"elementor-row\">\n\t\t\t\t\t<div class=\"elementor-column elementor-col-100 elementor-top-column elementor-element elementor-element-f971519\" data-id=\"f971519\" data-element_type=\"column\">\n\t\t\t<div class=\"elementor-column-wrap elementor-element-populated\">\n\t\t\t\t\t\t\t<div class=\"elementor-widget-wrap\">\n\t\t\t\t\t\t<div class=\"elementor-element elementor-element-fccbb19 elementor-widget elementor-widget-heading\" data-id=\"fccbb19\" data-element_type=\"widget\" data-widget_type=\"heading.default\">\n\t\t\t\t<div class=\"elementor-widget-container\">\n\t\t\t<h3 class=\"elementor-heading-title elementor-size-default\">Our Products<\/h3>\t\t<\/div>\n\t\t\t\t<\/div>\n\t\t\t\t<section class=\"elementor-section elementor-inner-section elementor-element elementor-element-be93e97 elementor-section-boxed elementor-section-height-default elementor-section-height-default\" data-id=\"be93e97\" data-element_type=\"section\">\n\t\t\t\t\t\t<div class=\"elementor-container elementor-column-gap-default\">\n\t\t\t\t\t\t\t<div class=\"elementor-row\">\n\t\t\t\t\t<div class=\"elementor-column elementor-col-25 elementor-inner-column elementor-element elementor-element-144036a\" data-id=\"144036a\" data-element_type=\"column\">\n\t\t\t<div class=\"elementor-column-wrap elementor-element-populated\">\n\t\t\t\t\t\t\t<div class=\"elementor-widget-wrap\">\n\t\t\t\t\t\t<div class=\"elementor-element elementor-element-25d4651 elementor-cta--layout-image-above elementor-cta--valign-top icon-left elementor-cta--skin-classic elementor-animated-content elementor-bg-transform elementor-bg-transform-zoom-in elementor-widget elementor-widget-call-to-action\" data-id=\"25d4651\" data-element_type=\"widget\" data-widget_type=\"call-to-action.default\">\n\t\t\t\t<div class=\"elementor-widget-container\">\n\t\t\t\t\t<a class=\"elementor-cta\" href=\"https:\/\/www.glingenieros.com.co\/en\/producto\/subestaciones-electricas\/\">\n\t\t\t\t\t<div class=\"elementor-cta__bg-wrapper\">\n\t\t\t\t<div class=\"elementor-cta__bg elementor-bg\" style=\"background-image: url(https:\/\/www.glingenieros.com.co\/wp-content\/uploads\/2020\/09\/subestacion-elec2.jpg);\" role=\"img\" aria-label=\"subestacion-elec2\"><\/div>\n\t\t\t\t<div class=\"elementor-cta__bg-overlay\"><\/div>\n\t\t\t<\/div>\n\t\t\t\t\t\t\t<div class=\"elementor-cta__content\">\n\t\t\t\t\t\t\t\t\t<div class=\"elementor-content-item elementor-cta__content-item elementor-cta__image\">\n\t\t\t\t\t\t<img decoding=\"async\" width=\"200\" height=\"200\" src=\"https:\/\/www.glingenieros.com.co\/wp-content\/uploads\/2020\/10\/Subestancion.png\" class=\"attachment-full size-full wp-image-1696\" alt=\"\" loading=\"lazy\" srcset=\"https:\/\/www.glingenieros.com.co\/wp-content\/uploads\/2020\/10\/Subestancion.png 200w, https:\/\/www.glingenieros.com.co\/wp-content\/uploads\/2020\/10\/Subestancion-150x150.png 150w\" sizes=\"(max-width: 200px) 100vw, 200px\" \/>\t\t\t\t\t<\/div>\n\t\t\t\t\n\t\t\t\t<h3 class=\"elementor-cta__title elementor-cta__content-item elementor-content-item\">ELECTRICAL SUBSTATIONS<\/h3>\n\t\t\t\t\n\t\t\t\t\t\t\t<\/div>\n\t\t\t\t\t\t<\/a>\n\t\t\t\t<\/div>\n\t\t\t\t<\/div>\n\t\t\t\t\t\t<\/div>\n\t\t\t\t\t<\/div>\n\t\t<\/div>\n\t\t\t\t<div class=\"elementor-column elementor-col-25 elementor-inner-column elementor-element elementor-element-8483bb6\" data-id=\"8483bb6\" data-element_type=\"column\">\n\t\t\t<div class=\"elementor-column-wrap elementor-element-populated\">\n\t\t\t\t\t\t\t<div class=\"elementor-widget-wrap\">\n\t\t\t\t\t\t<div class=\"elementor-element elementor-element-699f599 elementor-cta--layout-image-above elementor-cta--valign-top icon-left elementor-cta--skin-classic elementor-animated-content elementor-bg-transform elementor-bg-transform-zoom-in elementor-widget elementor-widget-call-to-action\" data-id=\"699f599\" data-element_type=\"widget\" data-widget_type=\"call-to-action.default\">\n\t\t\t\t<div class=\"elementor-widget-container\">\n\t\t\t\t\t<a class=\"elementor-cta\" href=\"https:\/\/www.glingenieros.com.co\/en\/producto\/tableros-de-uso-industrial\/\">\n\t\t\t\t\t<div class=\"elementor-cta__bg-wrapper\">\n\t\t\t\t<div class=\"elementor-cta__bg elementor-bg\" style=\"background-image: url(https:\/\/www.glingenieros.com.co\/wp-content\/uploads\/2020\/09\/tab-uso-ind42.jpg);\" role=\"img\" aria-label=\"tab-uso-ind42\"><\/div>\n\t\t\t\t<div class=\"elementor-cta__bg-overlay\"><\/div>\n\t\t\t<\/div>\n\t\t\t\t\t\t\t<div class=\"elementor-cta__content\">\n\t\t\t\t\t\t\t\t\t<div class=\"elementor-content-item elementor-cta__content-item elementor-cta__image\">\n\t\t\t\t\t\t<img decoding=\"async\" width=\"150\" height=\"150\" src=\"https:\/\/www.glingenieros.com.co\/wp-content\/uploads\/2020\/10\/Tableros-150x150.png\" class=\"attachment-thumbnail size-thumbnail wp-image-1697\" alt=\"\" loading=\"lazy\" srcset=\"https:\/\/www.glingenieros.com.co\/wp-content\/uploads\/2020\/10\/Tableros-150x150.png 150w, https:\/\/www.glingenieros.com.co\/wp-content\/uploads\/2020\/10\/Tableros.png 200w\" sizes=\"(max-width: 150px) 100vw, 150px\" \/>\t\t\t\t\t<\/div>\n\t\t\t\t\n\t\t\t\t<h3 class=\"elementor-cta__title elementor-cta__content-item elementor-content-item\">INDUSTRIAL PANELBOARDS<\/h3>\n\t\t\t\t\n\t\t\t\t\t\t\t<\/div>\n\t\t\t\t\t\t<\/a>\n\t\t\t\t<\/div>\n\t\t\t\t<\/div>\n\t\t\t\t\t\t<\/div>\n\t\t\t\t\t<\/div>\n\t\t<\/div>\n\t\t\t\t<div class=\"elementor-column elementor-col-25 elementor-inner-column elementor-element elementor-element-0bb283c\" data-id=\"0bb283c\" data-element_type=\"column\">\n\t\t\t<div class=\"elementor-column-wrap elementor-element-populated\">\n\t\t\t\t\t\t\t<div class=\"elementor-widget-wrap\">\n\t\t\t\t\t\t<div class=\"elementor-element elementor-element-86ce29c elementor-cta--layout-image-above elementor-cta--valign-top icon-left elementor-cta--skin-classic elementor-animated-content elementor-bg-transform elementor-bg-transform-zoom-in elementor-widget elementor-widget-call-to-action\" data-id=\"86ce29c\" data-element_type=\"widget\" data-widget_type=\"call-to-action.default\">\n\t\t\t\t<div class=\"elementor-widget-container\">\n\t\t\t\t\t<a class=\"elementor-cta\" href=\"https:\/\/www.glingenieros.com.co\/en\/producto\/ccm-centro-de-control-de-motores\/\">\n\t\t\t\t\t<div class=\"elementor-cta__bg-wrapper\">\n\t\t\t\t<div class=\"elementor-cta__bg elementor-bg\" style=\"background-image: url(https:\/\/www.glingenieros.com.co\/wp-content\/uploads\/2020\/09\/CCM-2.jpg);\" role=\"img\" aria-label=\"CCM-2\"><\/div>\n\t\t\t\t<div class=\"elementor-cta__bg-overlay\"><\/div>\n\t\t\t<\/div>\n\t\t\t\t\t\t\t<div class=\"elementor-cta__content\">\n\t\t\t\t\t\t\t\t\t<div class=\"elementor-content-item elementor-cta__content-item elementor-cta__image\">\n\t\t\t\t\t\t<img decoding=\"async\" width=\"150\" height=\"150\" src=\"https:\/\/www.glingenieros.com.co\/wp-content\/uploads\/2020\/10\/Motores-150x150.png\" class=\"attachment-thumbnail size-thumbnail wp-image-1695\" alt=\"\" loading=\"lazy\" srcset=\"https:\/\/www.glingenieros.com.co\/wp-content\/uploads\/2020\/10\/Motores-150x150.png 150w, https:\/\/www.glingenieros.com.co\/wp-content\/uploads\/2020\/10\/Motores.png 200w\" sizes=\"(max-width: 150px) 100vw, 150px\" \/>\t\t\t\t\t<\/div>\n\t\t\t\t\n\t\t\t\t<h3 class=\"elementor-cta__title elementor-cta__content-item elementor-content-item\">MOTOR CONTROL CENTERS<\/h3>\n\t\t\t\t\n\t\t\t\t\t\t\t<\/div>\n\t\t\t\t\t\t<\/a>\n\t\t\t\t<\/div>\n\t\t\t\t<\/div>\n\t\t\t\t\t\t<\/div>\n\t\t\t\t\t<\/div>\n\t\t<\/div>\n\t\t\t\t<div class=\"elementor-column elementor-col-25 elementor-inner-column elementor-element elementor-element-a66c5a5\" data-id=\"a66c5a5\" data-element_type=\"column\">\n\t\t\t<div class=\"elementor-column-wrap elementor-element-populated\">\n\t\t\t\t\t\t\t<div class=\"elementor-widget-wrap\">\n\t\t\t\t\t\t<div class=\"elementor-element elementor-element-b9d1e53 elementor-cta--layout-image-above elementor-cta--valign-top icon-left elementor-cta--skin-classic elementor-animated-content elementor-bg-transform elementor-bg-transform-zoom-in elementor-widget elementor-widget-call-to-action\" data-id=\"b9d1e53\" data-element_type=\"widget\" data-widget_type=\"call-to-action.default\">\n\t\t\t\t<div class=\"elementor-widget-container\">\n\t\t\t\t\t<a class=\"elementor-cta\" href=\"https:\/\/www.glingenieros.com.co\/en\/producto\/armarios-de-medidores\/\">\n\t\t\t\t\t<div class=\"elementor-cta__bg-wrapper\">\n\t\t\t\t<div class=\"elementor-cta__bg elementor-bg\" style=\"background-image: url(https:\/\/www.glingenieros.com.co\/wp-content\/uploads\/2020\/09\/medidor-1.jpg);\" role=\"img\" aria-label=\"medidor-1\"><\/div>\n\t\t\t\t<div class=\"elementor-cta__bg-overlay\"><\/div>\n\t\t\t<\/div>\n\t\t\t\t\t\t\t<div class=\"elementor-cta__content\">\n\t\t\t\t\t\t\t\t\t<div class=\"elementor-content-item elementor-cta__content-item elementor-cta__image\">\n\t\t\t\t\t\t<img decoding=\"async\" width=\"150\" height=\"150\" src=\"https:\/\/www.glingenieros.com.co\/wp-content\/uploads\/2020\/10\/Amarios-150x150.png\" class=\"attachment-thumbnail size-thumbnail wp-image-1694\" alt=\"\" loading=\"lazy\" srcset=\"https:\/\/www.glingenieros.com.co\/wp-content\/uploads\/2020\/10\/Amarios-150x150.png 150w, https:\/\/www.glingenieros.com.co\/wp-content\/uploads\/2020\/10\/Amarios.png 200w\" sizes=\"(max-width: 150px) 100vw, 150px\" \/>\t\t\t\t\t<\/div>\n\t\t\t\t\n\t\t\t\t<h3 class=\"elementor-cta__title elementor-cta__content-item elementor-content-item\">ELECTRIC METER CABINETS<\/h3>\n\t\t\t\t\n\t\t\t\t\t\t\t<\/div>\n\t\t\t\t\t\t<\/a>\n\t\t\t\t<\/div>\n\t\t\t\t<\/div>\n\t\t\t\t\t\t<\/div>\n\t\t\t\t\t<\/div>\n\t\t<\/div>\n\t\t\t\t\t\t\t\t<\/div>\n\t\t\t\t\t<\/div>\n\t\t<\/section>\n\t\t\t\t\t\t<\/div>\n\t\t\t\t\t<\/div>\n\t\t<\/div>\n\t\t\t\t\t\t\t\t<\/div>\n\t\t\t\t\t<\/div>\n\t\t<\/section>\n\t\t\t\t\t\t\t\t\t<\/div>\n\t\t\t<\/div>\n\t\t\t\t\t<\/div>","protected":false},"excerpt":{"rendered":"<p>Nuestros Productos Subestaciones El\u00e9ctricas Tableros de uso Industrial CCM Centro de Control de Motores Armarios de Medidores<\/p>","protected":false},"author":1,"featured_media":0,"parent":0,"menu_order":0,"comment_status":"closed","ping_status":"closed","template":"","meta":{"_joinchat":[]},"yoast_head":"<!-- This site is optimized with the Yoast SEO plugin v20.8 - https:\/\/yoast.com\/wordpress\/plugins\/seo\/ -->\n<title>Productos | Gl Ingenieros<\/title>\n<meta name=\"robots\" content=\"index, follow, max-snippet:-1, max-image-preview:large, max-video-preview:-1\" \/>\n<link rel=\"canonical\" href=\"https:\/\/www.glingenieros.com.co\/en\/producto\/\" \/>\n<meta property=\"og:locale\" content=\"en_US\" \/>\n<meta property=\"og:type\" content=\"article\" \/>\n<meta property=\"og:title\" content=\"Productos | Gl Ingenieros\" \/>\n<meta property=\"og:description\" content=\"Nuestros Productos Subestaciones El\u00e9ctricas Tableros de uso Industrial CCM Centro de Control de Motores Armarios de Medidores\" \/>\n<meta property=\"og:url\" content=\"https:\/\/www.glingenieros.com.co\/en\/producto\/\" \/>\n<meta property=\"og:site_name\" content=\"Gl Ingenieros\" \/>\n<meta property=\"article:publisher\" content=\"https:\/\/www.facebook.com\/pages\/GL-Ingenieros\/301203403400891\" \/>\n<meta property=\"article:modified_time\" content=\"2020-10-16T13:30:27+00:00\" \/>\n<meta property=\"og:image\" content=\"https:\/\/www.glingenieros.com.co\/wp-content\/uploads\/2020\/10\/Subestancion.png\" \/>\n<meta name=\"twitter:card\" content=\"summary_large_image\" \/>\n<script type=\"application\/ld+json\" class=\"yoast-schema-graph\">{\"@context\":\"https:\/\/schema.org\",\"@graph\":[{\"@type\":\"WebPage\",\"@id\":\"https:\/\/www.glingenieros.com.co\/producto\/\",\"url\":\"https:\/\/www.glingenieros.com.co\/producto\/\",\"name\":\"Productos | Gl Ingenieros\",\"isPartOf\":{\"@id\":\"https:\/\/www.glingenieros.com.co\/#website\"},\"datePublished\":\"2020-09-24T20:52:00+00:00\",\"dateModified\":\"2020-10-16T13:30:27+00:00\",\"breadcrumb\":{\"@id\":\"https:\/\/www.glingenieros.com.co\/producto\/#breadcrumb\"},\"inLanguage\":\"en-US\",\"potentialAction\":[{\"@type\":\"ReadAction\",\"target\":[\"https:\/\/www.glingenieros.com.co\/producto\/\"]}]},{\"@type\":\"BreadcrumbList\",\"@id\":\"https:\/\/www.glingenieros.com.co\/producto\/#breadcrumb\",\"itemListElement\":[{\"@type\":\"ListItem\",\"position\":1,\"name\":\"Inicio\",\"item\":\"https:\/\/www.glingenieros.com.co\/\"},{\"@type\":\"ListItem\",\"position\":2,\"name\":\"Productos\"}]},{\"@type\":\"WebSite\",\"@id\":\"https:\/\/www.glingenieros.com.co\/#website\",\"url\":\"https:\/\/www.glingenieros.com.co\/\",\"name\":\"GL Ingenieros\",\"description\":\"Automatizaci\u00f3n, Montajes Electromec\u00e1nicos y Tableros El\u00e9ctricos\",\"publisher\":{\"@id\":\"https:\/\/www.glingenieros.com.co\/#organization\"},\"potentialAction\":[{\"@type\":\"SearchAction\",\"target\":{\"@type\":\"EntryPoint\",\"urlTemplate\":\"https:\/\/www.glingenieros.com.co\/?s={search_term_string}\"},\"query-input\":\"required name=search_term_string\"}],\"inLanguage\":\"en-US\"},{\"@type\":\"Organization\",\"@id\":\"https:\/\/www.glingenieros.com.co\/#organization\",\"name\":\"GL Ingenierios\",\"url\":\"https:\/\/www.glingenieros.com.co\/\",\"logo\":{\"@type\":\"ImageObject\",\"inLanguage\":\"en-US\",\"@id\":\"https:\/\/www.glingenieros.com.co\/#\/schema\/logo\/image\/\",\"url\":\"https:\/\/www.glingenieros.com.co\/wp-content\/uploads\/2020\/11\/logo-gl.png\",\"contentUrl\":\"https:\/\/www.glingenieros.com.co\/wp-content\/uploads\/2020\/11\/logo-gl.png\",\"width\":170,\"height\":119,\"caption\":\"GL Ingenierios\"},\"image\":{\"@id\":\"https:\/\/www.glingenieros.com.co\/#\/schema\/logo\/image\/\"},\"sameAs\":[\"https:\/\/www.facebook.com\/pages\/GL-Ingenieros\/301203403400891\",\"https:\/\/www.instagram.com\/glingenieros\/\",\"https:\/\/www.linkedin.com\/company\/gl-ingenieros-s-a\",\"https:\/\/www.youtube.com\/channel\/UCmzjb8Vgrz0GMFX4cwbU2cQ\"]}]}<\/script>\n<!-- \/ Yoast SEO plugin. -->","yoast_head_json":{"title":"Productos | Gl Ingenieros","robots":{"index":"index","follow":"follow","max-snippet":"max-snippet:-1","max-image-preview":"max-image-preview:large","max-video-preview":"max-video-preview:-1"},"canonical":"https:\/\/www.glingenieros.com.co\/en\/producto\/","og_locale":"en_US","og_type":"article","og_title":"Productos | Gl Ingenieros","og_description":"Nuestros Productos Subestaciones El\u00e9ctricas Tableros de uso Industrial CCM Centro de Control de Motores Armarios de Medidores","og_url":"https:\/\/www.glingenieros.com.co\/en\/producto\/","og_site_name":"Gl Ingenieros","article_publisher":"https:\/\/www.facebook.com\/pages\/GL-Ingenieros\/301203403400891","article_modified_time":"2020-10-16T13:30:27+00:00","og_image":[{"url":"https:\/\/www.glingenieros.com.co\/wp-content\/uploads\/2020\/10\/Subestancion.png"}],"twitter_card":"summary_large_image","schema":{"@context":"https:\/\/schema.org","@graph":[{"@type":"WebPage","@id":"https:\/\/www.glingenieros.com.co\/producto\/","url":"https:\/\/www.glingenieros.com.co\/producto\/","name":"Productos | Gl Ingenieros","isPartOf":{"@id":"https:\/\/www.glingenieros.com.co\/#website"},"datePublished":"2020-09-24T20:52:00+00:00","dateModified":"2020-10-16T13:30:27+00:00","breadcrumb":{"@id":"https:\/\/www.glingenieros.com.co\/producto\/#breadcrumb"},"inLanguage":"en-US","potentialAction":[{"@type":"ReadAction","target":["https:\/\/www.glingenieros.com.co\/producto\/"]}]},{"@type":"BreadcrumbList","@id":"https:\/\/www.glingenieros.com.co\/producto\/#breadcrumb","itemListElement":[{"@type":"ListItem","position":1,"name":"Inicio","item":"https:\/\/www.glingenieros.com.co\/"},{"@type":"ListItem","position":2,"name":"Productos"}]},{"@type":"WebSite","@id":"https:\/\/www.glingenieros.com.co\/#website","url":"https:\/\/www.glingenieros.com.co\/","name":"GL Ingenieros","description":"Automatizaci\u00f3n, Montajes Electromec\u00e1nicos y Tableros El\u00e9ctricos","publisher":{"@id":"https:\/\/www.glingenieros.com.co\/#organization"},"potentialAction":[{"@type":"SearchAction","target":{"@type":"EntryPoint","urlTemplate":"https:\/\/www.glingenieros.com.co\/?s={search_term_string}"},"query-input":"required name=search_term_string"}],"inLanguage":"en-US"},{"@type":"Organization","@id":"https:\/\/www.glingenieros.com.co\/#organization","name":"GL Ingenierios","url":"https:\/\/www.glingenieros.com.co\/","logo":{"@type":"ImageObject","inLanguage":"en-US","@id":"https:\/\/www.glingenieros.com.co\/#\/schema\/logo\/image\/","url":"https:\/\/www.glingenieros.com.co\/wp-content\/uploads\/2020\/11\/logo-gl.png","contentUrl":"https:\/\/www.glingenieros.com.co\/wp-content\/uploads\/2020\/11\/logo-gl.png","width":170,"height":119,"caption":"GL Ingenierios"},"image":{"@id":"https:\/\/www.glingenieros.com.co\/#\/schema\/logo\/image\/"},"sameAs":["https:\/\/www.facebook.com\/pages\/GL-Ingenieros\/301203403400891","https:\/\/www.instagram.com\/glingenieros\/","https:\/\/www.linkedin.com\/company\/gl-ingenieros-s-a","https:\/\/www.youtube.com\/channel\/UCmzjb8Vgrz0GMFX4cwbU2cQ"]}]}},"_links":{"self":[{"href":"https:\/\/www.glingenieros.com.co\/en\/wp-json\/wp\/v2\/pages\/423"}],"collection":[{"href":"https:\/\/www.glingenieros.com.co\/en\/wp-json\/wp\/v2\/pages"}],"about":[{"href":"https:\/\/www.glingenieros.com.co\/en\/wp-json\/wp\/v2\/types\/page"}],"author":[{"embeddable":true,"href":"https:\/\/www.glingenieros.com.co\/en\/wp-json\/wp\/v2\/users\/1"}],"replies":[{"embeddable":true,"href":"https:\/\/www.glingenieros.com.co\/en\/wp-json\/wp\/v2\/comments?post=423"}],"version-history":[{"count":0,"href":"https:\/\/www.glingenieros.com.co\/en\/wp-json\/wp\/v2\/pages\/423\/revisions"}],"wp:attachment":[{"href":"https:\/\/www.glingenieros.com.co\/en\/wp-json\/wp\/v2\/media?parent=423"}],"curies":[{"name":"wp","href":"https:\/\/api.w.org\/{rel}","templated":true}]}}